{"id":853,"date":"2025-09-15T10:32:31","date_gmt":"2025-09-15T08:32:31","guid":{"rendered":"https:\/\/ribeirasacrapaisaxedaauga.gal\/documental\/"},"modified":"2025-10-02T20:59:40","modified_gmt":"2025-10-02T18:59:40","slug":"documental","status":"publish","type":"page","link":"https:\/\/ribeirasacrapaisaxedaauga.gal\/gl\/documental\/","title":{"rendered":"Documental"},"content":{"rendered":"\n<div class=\"wp-block-group alignfull has-background has-global-padding is-layout-constrained wp-container-core-group-is-layout-58b5d657 wp-block-group-is-layout-constrained\" style=\"background:linear-gradient(180deg,rgb(255,251,235) 37%,rgb(223,242,254) 56%);margin-top:0;margin-bottom:0;padding-top:var(--wp--preset--spacing--40);padding-right:0;padding-bottom:var(--wp--preset--spacing--40);padding-left:0\">\n<figure class=\"wp-block-embed alignfull is-type-video is-provider-vimeo wp-block-embed-vimeo wp-embed-aspect-21-9 wp-has-aspect-ratio\" style=\"margin-top:0;margin-right:0;margin-bottom:0;margin-left:0\"><div class=\"wp-block-embed__wrapper\">\n<iframe loading=\"lazy\" title=\"Ribeira Sacra Paisaxe da Auga. Documental en galego\" src=\"https:\/\/player.vimeo.com\/video\/1122927567?dnt=1&amp;app_id=122963\" width=\"500\" height=\"208\" frameborder=\"0\" allow=\"autoplay; fullscreen; picture-in-picture; clipboard-write; encrypted-media; web-share\" referrerpolicy=\"strict-origin-when-cross-origin\"><\/iframe>\n<\/div><\/figure>\n<\/div>\n","protected":false},"excerpt":{"rendered":"","protected":false},"author":1,"featured_media":0,"parent":0,"menu_order":0,"comment_status":"closed","ping_status":"closed","template":"","meta":{"footnotes":""},"class_list":["post-853","page","type-page","status-publish","hentry"],"yoast_head":"<!-- This site is optimized with the Yoast SEO plugin v26.6 - https:\/\/yoast.com\/wordpress\/plugins\/seo\/ -->\n<title>Documental - Ribeira Sacra Paisaje del Agua<\/title>\n<meta name=\"robots\" content=\"index, follow, max-snippet:-1, max-image-preview:large, max-video-preview:-1\" \/>\n<link rel=\"canonical\" href=\"https:\/\/ribeirasacrapaisaxedaauga.gal\/gl\/documental\/\" \/>\n<meta property=\"og:locale\" content=\"gl_ES\" \/>\n<meta property=\"og:type\" content=\"article\" \/>\n<meta property=\"og:title\" content=\"Documental - Ribeira Sacra Paisaje del Agua\" \/>\n<meta property=\"og:url\" content=\"https:\/\/ribeirasacrapaisaxedaauga.gal\/gl\/documental\/\" \/>\n<meta property=\"og:site_name\" content=\"Ribeira Sacra Paisaje del Agua\" \/>\n<meta property=\"article:modified_time\" content=\"2025-10-02T18:59:40+00:00\" \/>\n<meta name=\"twitter:card\" content=\"summary_large_image\" \/>\n<script type=\"application\/ld+json\" class=\"yoast-schema-graph\">{\"@context\":\"https:\/\/schema.org\",\"@graph\":[{\"@type\":\"WebPage\",\"@id\":\"https:\/\/ribeirasacrapaisaxedaauga.gal\/gl\/documental\/\",\"url\":\"https:\/\/ribeirasacrapaisaxedaauga.gal\/gl\/documental\/\",\"name\":\"Documental - Ribeira Sacra Paisaje del Agua\",\"isPartOf\":{\"@id\":\"https:\/\/ribeirasacrapaisaxedaauga.gal\/gl\/#website\"},\"datePublished\":\"2025-09-15T08:32:31+00:00\",\"dateModified\":\"2025-10-02T18:59:40+00:00\",\"breadcrumb\":{\"@id\":\"https:\/\/ribeirasacrapaisaxedaauga.gal\/gl\/documental\/#breadcrumb\"},\"inLanguage\":\"gl-ES\",\"potentialAction\":[{\"@type\":\"ReadAction\",\"target\":[\"https:\/\/ribeirasacrapaisaxedaauga.gal\/gl\/documental\/\"]}]},{\"@type\":\"BreadcrumbList\",\"@id\":\"https:\/\/ribeirasacrapaisaxedaauga.gal\/gl\/documental\/#breadcrumb\",\"itemListElement\":[{\"@type\":\"ListItem\",\"position\":1,\"name\":\"Portada\",\"item\":\"https:\/\/ribeirasacrapaisaxedaauga.gal\/gl\/\"},{\"@type\":\"ListItem\",\"position\":2,\"name\":\"Documental\"}]},{\"@type\":\"WebSite\",\"@id\":\"https:\/\/ribeirasacrapaisaxedaauga.gal\/gl\/#website\",\"url\":\"https:\/\/ribeirasacrapaisaxedaauga.gal\/gl\/\",\"name\":\"Ribeira Sacra Paisaje del Agua\",\"description\":\"Ribeira Sacra es la historia viva de la relaci\u00f3n entre el agua y el ser humano que gracias a su ingenio ha esculpido un paisaje de agua a lo largo de m\u00e1s de 1.500 a\u00f1os de ocupaci\u00f3n continuada\",\"publisher\":{\"@id\":\"https:\/\/ribeirasacrapaisaxedaauga.gal\/gl\/#organization\"},\"potentialAction\":[{\"@type\":\"SearchAction\",\"target\":{\"@type\":\"EntryPoint\",\"urlTemplate\":\"https:\/\/ribeirasacrapaisaxedaauga.gal\/gl\/?s={search_term_string}\"},\"query-input\":{\"@type\":\"PropertyValueSpecification\",\"valueRequired\":true,\"valueName\":\"search_term_string\"}}],\"inLanguage\":\"gl-ES\"},{\"@type\":\"Organization\",\"@id\":\"https:\/\/ribeirasacrapaisaxedaauga.gal\/gl\/#organization\",\"name\":\"Ribeira Sacra Paisaje del Agua\",\"url\":\"https:\/\/ribeirasacrapaisaxedaauga.gal\/gl\/\",\"logo\":{\"@type\":\"ImageObject\",\"inLanguage\":\"gl-ES\",\"@id\":\"https:\/\/ribeirasacrapaisaxedaauga.gal\/gl\/#\/schema\/logo\/image\/\",\"url\":\"https:\/\/ribeirasacrapaisaxedaauga.gal\/wp-content\/uploads\/2025\/09\/simbolo-1.webp\",\"contentUrl\":\"https:\/\/ribeirasacrapaisaxedaauga.gal\/wp-content\/uploads\/2025\/09\/simbolo-1.webp\",\"width\":1597,\"height\":1597,\"caption\":\"Ribeira Sacra Paisaje del Agua\"},\"image\":{\"@id\":\"https:\/\/ribeirasacrapaisaxedaauga.gal\/gl\/#\/schema\/logo\/image\/\"}}]}<\/script>\n<!-- \/ Yoast SEO plugin. -->","yoast_head_json":{"title":"Documental - Ribeira Sacra Paisaje del Agua","robots":{"index":"index","follow":"follow","max-snippet":"max-snippet:-1","max-image-preview":"max-image-preview:large","max-video-preview":"max-video-preview:-1"},"canonical":"https:\/\/ribeirasacrapaisaxedaauga.gal\/gl\/documental\/","og_locale":"gl_ES","og_type":"article","og_title":"Documental - Ribeira Sacra Paisaje del Agua","og_url":"https:\/\/ribeirasacrapaisaxedaauga.gal\/gl\/documental\/","og_site_name":"Ribeira Sacra Paisaje del Agua","article_modified_time":"2025-10-02T18:59:40+00:00","twitter_card":"summary_large_image","schema":{"@context":"https:\/\/schema.org","@graph":[{"@type":"WebPage","@id":"https:\/\/ribeirasacrapaisaxedaauga.gal\/gl\/documental\/","url":"https:\/\/ribeirasacrapaisaxedaauga.gal\/gl\/documental\/","name":"Documental - Ribeira Sacra Paisaje del Agua","isPartOf":{"@id":"https:\/\/ribeirasacrapaisaxedaauga.gal\/gl\/#website"},"datePublished":"2025-09-15T08:32:31+00:00","dateModified":"2025-10-02T18:59:40+00:00","breadcrumb":{"@id":"https:\/\/ribeirasacrapaisaxedaauga.gal\/gl\/documental\/#breadcrumb"},"inLanguage":"gl-ES","potentialAction":[{"@type":"ReadAction","target":["https:\/\/ribeirasacrapaisaxedaauga.gal\/gl\/documental\/"]}]},{"@type":"BreadcrumbList","@id":"https:\/\/ribeirasacrapaisaxedaauga.gal\/gl\/documental\/#breadcrumb","itemListElement":[{"@type":"ListItem","position":1,"name":"Portada","item":"https:\/\/ribeirasacrapaisaxedaauga.gal\/gl\/"},{"@type":"ListItem","position":2,"name":"Documental"}]},{"@type":"WebSite","@id":"https:\/\/ribeirasacrapaisaxedaauga.gal\/gl\/#website","url":"https:\/\/ribeirasacrapaisaxedaauga.gal\/gl\/","name":"Ribeira Sacra Paisaje del Agua","description":"Ribeira Sacra es la historia viva de la relaci\u00f3n entre el agua y el ser humano que gracias a su ingenio ha esculpido un paisaje de agua a lo largo de m\u00e1s de 1.500 a\u00f1os de ocupaci\u00f3n continuada","publisher":{"@id":"https:\/\/ribeirasacrapaisaxedaauga.gal\/gl\/#organization"},"potentialAction":[{"@type":"SearchAction","target":{"@type":"EntryPoint","urlTemplate":"https:\/\/ribeirasacrapaisaxedaauga.gal\/gl\/?s={search_term_string}"},"query-input":{"@type":"PropertyValueSpecification","valueRequired":true,"valueName":"search_term_string"}}],"inLanguage":"gl-ES"},{"@type":"Organization","@id":"https:\/\/ribeirasacrapaisaxedaauga.gal\/gl\/#organization","name":"Ribeira Sacra Paisaje del Agua","url":"https:\/\/ribeirasacrapaisaxedaauga.gal\/gl\/","logo":{"@type":"ImageObject","inLanguage":"gl-ES","@id":"https:\/\/ribeirasacrapaisaxedaauga.gal\/gl\/#\/schema\/logo\/image\/","url":"https:\/\/ribeirasacrapaisaxedaauga.gal\/wp-content\/uploads\/2025\/09\/simbolo-1.webp","contentUrl":"https:\/\/ribeirasacrapaisaxedaauga.gal\/wp-content\/uploads\/2025\/09\/simbolo-1.webp","width":1597,"height":1597,"caption":"Ribeira Sacra Paisaje del Agua"},"image":{"@id":"https:\/\/ribeirasacrapaisaxedaauga.gal\/gl\/#\/schema\/logo\/image\/"}}]}},"_links":{"self":[{"href":"https:\/\/ribeirasacrapaisaxedaauga.gal\/gl\/wp-json\/wp\/v2\/pages\/853","targetHints":{"allow":["GET"]}}],"collection":[{"href":"https:\/\/ribeirasacrapaisaxedaauga.gal\/gl\/wp-json\/wp\/v2\/pages"}],"about":[{"href":"https:\/\/ribeirasacrapaisaxedaauga.gal\/gl\/wp-json\/wp\/v2\/types\/page"}],"author":[{"embeddable":true,"href":"https:\/\/ribeirasacrapaisaxedaauga.gal\/gl\/wp-json\/wp\/v2\/users\/1"}],"replies":[{"embeddable":true,"href":"https:\/\/ribeirasacrapaisaxedaauga.gal\/gl\/wp-json\/wp\/v2\/comments?post=853"}],"version-history":[{"count":4,"href":"https:\/\/ribeirasacrapaisaxedaauga.gal\/gl\/wp-json\/wp\/v2\/pages\/853\/revisions"}],"predecessor-version":[{"id":1084,"href":"https:\/\/ribeirasacrapaisaxedaauga.gal\/gl\/wp-json\/wp\/v2\/pages\/853\/revisions\/1084"}],"wp:attachment":[{"href":"https:\/\/ribeirasacrapaisaxedaauga.gal\/gl\/wp-json\/wp\/v2\/media?parent=853"}],"curies":[{"name":"wp","href":"https:\/\/api.w.org\/{rel}","templated":true}]}}