{"id":808,"date":"2025-09-10T11:53:14","date_gmt":"2025-09-10T09:53:14","guid":{"rendered":"https:\/\/ribeirasacrapaisaxedaauga.gal\/textos-legales\/"},"modified":"2025-10-02T19:56:55","modified_gmt":"2025-10-02T17:56:55","slug":"textos-legales","status":"publish","type":"page","link":"https:\/\/ribeirasacrapaisaxedaauga.gal\/gl\/textos-legales\/","title":{"rendered":"Textos legais"},"content":{"rendered":"<h1 style=\"padding-bottom:var(--wp--preset--spacing--40);padding-top:var(--wp--preset--spacing--40);\" class=\"wp-block-post-title\">Textos legais<\/h1>\n<h2 class=\"wp-block-heading\">Informaci\u00f3n xeral<\/h2>\n\n<p>As presentes disposici\u00f3ns regulan o uso do servizo do formulario dixital (en diante, o \u201cFormulario&#8221;) que a <em>Xunta de Galicia<\/em> pon a disposici\u00f3n dos usuarios de internet.<\/p>\n\n<p>A Xunta de Galicia \u00e9 a titular do dominio \u201cribeirasacrapaisaxedaauga.gal\u201d e dos distintos elementos nel inclu\u00eddos.<\/p>\n\n<p>O contido facilitado a trav\u00e9s deste Formulario em\u00edtese con efectos simplemente informativos e non substit\u00fae a publicidade das disposici\u00f3ns e actos que te\u00f1an que ser publicados formalmente en bolet\u00edns oficiais. A\u00ednda que se efectuar\u00e1n os esforzos precisos para que a informaci\u00f3n contida sexa exacta e actualizada, a <em>Xunta de Galicia<\/em> non garante a inexistencia de erros no contido deste Formulario, nin que se atope totalmente actualizado. <\/p>\n\n<p>A Xunta de Galicia non se fai responsable dos danos e prexu\u00edzos que puidese ocasionar o uso ilex\u00edtimo ou inadecuado das ferramentas e informaci\u00f3ns contidas no Formulario con excepci\u00f3n de todas aquelas actuaci\u00f3ns que resulten da aplicaci\u00f3n das disposici\u00f3ns legais \u00e1s que deba someterse no estrito exercicio das s\u00faas competencias.<\/p>\n\n<p>A Xunta de Galicia non asume responsabilidade algunha derivada da conexi\u00f3n ou contidos das ligaz\u00f3ns a p\u00e1xinas externas sobre as que non se ten ning\u00fan control, debendo o usuario deste Formulario, en todo caso, aterse \u00e1s condici\u00f3ns de uso espec\u00edficas das devanditas ligaz\u00f3ns.<\/p>\n\n<p>A Xunta de Galicia res\u00e9rvase a facultade de efectuar, en calquera momento e sen necesidade de aviso previo, modificaci\u00f3ns e actualizaci\u00f3ns sobre a informaci\u00f3n contida ou na s\u00faa configuraci\u00f3n ou presentaci\u00f3n.<br\/><\/p>\n\n<h2 class=\"wp-block-heading\">Propiedade intelectual e industrial<\/h2>\n\n<p>Os dereitos de propiedade intelectual deste sitio web e dos seus elementos contidos son titularidade da Administraci\u00f3n xeral e do sector p\u00fablico auton\u00f3mico de Galicia.<\/p>\n\n<p>A informaci\u00f3n dispo\u00f1ible neste Formulario, salvo indicaci\u00f3n expresa en contrario, \u00e9 susceptible de reutilizaci\u00f3n, quedando autorizada a s\u00faa reproduci\u00f3n total ou parcial, modificaci\u00f3n, distribuci\u00f3n e comunicaci\u00f3n, para usos comerciais e non comerciais, con suxeici\u00f3n \u00e1s seguintes condici\u00f3ns:<\/p>\n\n<p>Queda prohibida en calquera circunstancia a desnaturalizaci\u00f3n do contido da informaci\u00f3n.<br\/>O usuario queda obrigado a citar a fonte dos documentos obxecto da reutilizaci\u00f3n.<br\/>Esta licenza non reduce ou restrinxe os dereitos exclusivos do titular dos dereitos de propiedade intelectual, tales como o dese\u00f1o do Formulario e c\u00f3digos fonte, marcas, nomes comerciais, logos ou signos distintivos, de acordo coa Lei de propiedade intelectual ou calquera outras leis aplicables.<br\/><\/p>\n\n<h2 class=\"wp-block-heading\">Privacidade<\/h2>\n\n<p>Coa s\u00faa navegaci\u00f3n, vostede presta o consentimento para recibir as cookies que utiliza o Formulario, que en ning\u00fan caso se empregan para recoller informaci\u00f3n de car\u00e1cter persoal. Son de dous tipos: <\/p>\n\n<p>Cookies propias: son enviadas aos seu equipo e xestionadas exclusivamente pola Xunta de Galicia, que s\u00f3 obt\u00e9n e conserva a informaci\u00f3n relativa aos datos de sesi\u00f3n e idioma. Estas cookies son necesarias para o correcto funcionamento e visualizaci\u00f3n do Formulario por parte do usuario. <\/p>\n\n<p>Cookies anal\u00edticas de terceiro: o Formulario usa as cookies da ferramenta Google Analytics, que realiza unha medici\u00f3n e an\u00e1lise estat\u00edstica da navegaci\u00f3n dos usuarios na web, co fin de mellorar os servizos que ofrece o Formulario. A informaci\u00f3n que xera a cookie \u00e9 directamente transmitida e arquivada por Google. <\/p>\n\n<p>Para garantir o anonimato, Google converte a s\u00faa informaci\u00f3n en an\u00f3nima truncando a direcci\u00f3n IP antes de almacenala. Tampouco asocia a s\u00faa direcci\u00f3n IP truncada a ning\u00fan outro dato conservado por Google, nin pode enviar a informaci\u00f3n recollida por Google Analytics a terceiros salvo cando estea legalmente obrigado a facelo, conforme as condici\u00f3ns de prestaci\u00f3n do servizo de Google Analytics. <\/p>\n\n<p>Se vostede desexa denegar o permiso para o tratamento estat\u00edstico dos datos ou da informaci\u00f3n con Google Analytics, prema aqu\u00ed.<\/p>\n\n<p>Lembr\u00e1moslle que deber\u00e1 executar esta acci\u00f3n cada vez que cambie de navegador ou a s\u00faa configuraci\u00f3n, ou se elimina as cookies, posto que o indicador de denegaci\u00f3n se garda nunha cookie.<br\/><\/p>\n\n<h2 class=\"wp-block-heading\">Protecci\u00f3n de datos<\/h2>\n\n<p>As persoas usuarias deste portal te\u00f1en \u00e1 s\u00faa disposici\u00f3n toda a informaci\u00f3n relativa ao tratamento dos datos persoais levado a cabo pola Xunta de Galicia, inclu\u00edndo o modo no que poden exercitar os dereitos, o contacto cos delegados e as delegadas de protecci\u00f3n de datos e demais aspectos segundo os termos esixidos polo Regulamento europeo de protecci\u00f3n de datos persoais, na seguinte ligaz\u00f3n: informaci\u00f3n sobre protecci\u00f3n de datos persoais.<br\/><\/p>\n\n<h2 class=\"wp-block-heading\">Uso de linguas<\/h2>\n\n<p>O artigo 13 da Lei 39\/2015, do 1 de outubro, do Procedemento Administrativo Com\u00fan das Administraci\u00f3ns P\u00fablicas, garante o exercicio dos dereitos ling\u00fc\u00edsticos reco\u00f1ecidos no ordenamento xur\u00eddico e, en particular, os referidos ao uso do galego nas relaci\u00f3ns da cidadan\u00eda coa Administraci\u00f3n p\u00fablica de Galicia. A estes efectos, o Formulario posibilitar\u00e1 o acceso aos seus contidos e servizos en galego e castel\u00e1n. <br\/><\/p>\n\n<h2 class=\"wp-block-heading\">Lei aplicable e xurisdici\u00f3n<\/h2>\n\n<p>Para toda cuesti\u00f3n litixiosa ou que incumba ao Formulario, ser\u00e1 de aplicaci\u00f3n a lexislaci\u00f3n espa\u00f1ola, sendo competentes para a resoluci\u00f3n de todos os conflitos derivados ou relacionados co uso do presente Formulario, os Xulgados e Tribunais da cidade de Santiago de Compostela.<\/p>\n\n<div style=\"height:221px\" aria-hidden=\"true\" class=\"wp-block-spacer\"><\/div>\n","protected":false},"excerpt":{"rendered":"<p>Informaci\u00f3n xeral As presentes disposici\u00f3ns regulan o uso do servizo do formulario dixital (en diante, o \u201cFormulario&#8221;) que a Xunta de Galicia pon a disposici\u00f3n dos usuarios de internet. A Xunta de Galicia \u00e9 a titular do dominio \u201cribeirasacrapaisaxedaauga.gal\u201d e dos distintos elementos nel inclu\u00eddos. O contido facilitado a trav\u00e9s deste Formulario em\u00edtese con efectos [&hellip;]<\/p>\n","protected":false},"author":1,"featured_media":0,"parent":0,"menu_order":0,"comment_status":"closed","ping_status":"open","template":"","meta":{"footnotes":""},"class_list":["post-808","page","type-page","status-publish","hentry"],"yoast_head":"<!-- This site is optimized with the Yoast SEO plugin v26.6 - https:\/\/yoast.com\/wordpress\/plugins\/seo\/ -->\n<title>Textos legais - Ribeira Sacra Paisaje del Agua<\/title>\n<meta name=\"robots\" content=\"index, follow, max-snippet:-1, max-image-preview:large, max-video-preview:-1\" \/>\n<link rel=\"canonical\" href=\"https:\/\/ribeirasacrapaisaxedaauga.gal\/gl\/textos-legales\/\" \/>\n<meta property=\"og:locale\" content=\"gl_ES\" \/>\n<meta property=\"og:type\" content=\"article\" \/>\n<meta property=\"og:title\" content=\"Textos legais - Ribeira Sacra Paisaje del Agua\" \/>\n<meta property=\"og:description\" content=\"Informaci\u00f3n xeral As presentes disposici\u00f3ns regulan o uso do servizo do formulario dixital (en diante, o \u201cFormulario&#8221;) que a Xunta de Galicia pon a disposici\u00f3n dos usuarios de internet. A Xunta de Galicia \u00e9 a titular do dominio \u201cribeirasacrapaisaxedaauga.gal\u201d e dos distintos elementos nel inclu\u00eddos. O contido facilitado a trav\u00e9s deste Formulario em\u00edtese con efectos [&hellip;]\" \/>\n<meta property=\"og:url\" content=\"https:\/\/ribeirasacrapaisaxedaauga.gal\/gl\/textos-legales\/\" \/>\n<meta property=\"og:site_name\" content=\"Ribeira Sacra Paisaje del Agua\" \/>\n<meta property=\"article:modified_time\" content=\"2025-10-02T17:56:55+00:00\" \/>\n<meta name=\"twitter:card\" content=\"summary_large_image\" \/>\n<meta name=\"twitter:label1\" content=\"Tempo de lectura\" \/>\n\t<meta name=\"twitter:data1\" content=\"4 minutos\" \/>\n<script type=\"application\/ld+json\" class=\"yoast-schema-graph\">{\"@context\":\"https:\/\/schema.org\",\"@graph\":[{\"@type\":\"WebPage\",\"@id\":\"https:\/\/ribeirasacrapaisaxedaauga.gal\/gl\/textos-legales\/\",\"url\":\"https:\/\/ribeirasacrapaisaxedaauga.gal\/gl\/textos-legales\/\",\"name\":\"Textos legais - Ribeira Sacra Paisaje del Agua\",\"isPartOf\":{\"@id\":\"https:\/\/ribeirasacrapaisaxedaauga.gal\/gl\/#website\"},\"datePublished\":\"2025-09-10T09:53:14+00:00\",\"dateModified\":\"2025-10-02T17:56:55+00:00\",\"breadcrumb\":{\"@id\":\"https:\/\/ribeirasacrapaisaxedaauga.gal\/gl\/textos-legales\/#breadcrumb\"},\"inLanguage\":\"gl-ES\",\"potentialAction\":[{\"@type\":\"ReadAction\",\"target\":[\"https:\/\/ribeirasacrapaisaxedaauga.gal\/gl\/textos-legales\/\"]}]},{\"@type\":\"BreadcrumbList\",\"@id\":\"https:\/\/ribeirasacrapaisaxedaauga.gal\/gl\/textos-legales\/#breadcrumb\",\"itemListElement\":[{\"@type\":\"ListItem\",\"position\":1,\"name\":\"Portada\",\"item\":\"https:\/\/ribeirasacrapaisaxedaauga.gal\/gl\/\"},{\"@type\":\"ListItem\",\"position\":2,\"name\":\"Textos legais\"}]},{\"@type\":\"WebSite\",\"@id\":\"https:\/\/ribeirasacrapaisaxedaauga.gal\/gl\/#website\",\"url\":\"https:\/\/ribeirasacrapaisaxedaauga.gal\/gl\/\",\"name\":\"Ribeira Sacra Paisaje del Agua\",\"description\":\"Ribeira Sacra es la historia viva de la relaci\u00f3n entre el agua y el ser humano que gracias a su ingenio ha esculpido un paisaje de agua a lo largo de m\u00e1s de 1.500 a\u00f1os de ocupaci\u00f3n continuada\",\"publisher\":{\"@id\":\"https:\/\/ribeirasacrapaisaxedaauga.gal\/gl\/#organization\"},\"potentialAction\":[{\"@type\":\"SearchAction\",\"target\":{\"@type\":\"EntryPoint\",\"urlTemplate\":\"https:\/\/ribeirasacrapaisaxedaauga.gal\/gl\/?s={search_term_string}\"},\"query-input\":{\"@type\":\"PropertyValueSpecification\",\"valueRequired\":true,\"valueName\":\"search_term_string\"}}],\"inLanguage\":\"gl-ES\"},{\"@type\":\"Organization\",\"@id\":\"https:\/\/ribeirasacrapaisaxedaauga.gal\/gl\/#organization\",\"name\":\"Ribeira Sacra Paisaje del Agua\",\"url\":\"https:\/\/ribeirasacrapaisaxedaauga.gal\/gl\/\",\"logo\":{\"@type\":\"ImageObject\",\"inLanguage\":\"gl-ES\",\"@id\":\"https:\/\/ribeirasacrapaisaxedaauga.gal\/gl\/#\/schema\/logo\/image\/\",\"url\":\"https:\/\/ribeirasacrapaisaxedaauga.gal\/wp-content\/uploads\/2025\/09\/simbolo-1.webp\",\"contentUrl\":\"https:\/\/ribeirasacrapaisaxedaauga.gal\/wp-content\/uploads\/2025\/09\/simbolo-1.webp\",\"width\":1597,\"height\":1597,\"caption\":\"Ribeira Sacra Paisaje del Agua\"},\"image\":{\"@id\":\"https:\/\/ribeirasacrapaisaxedaauga.gal\/gl\/#\/schema\/logo\/image\/\"}}]}<\/script>\n<!-- \/ Yoast SEO plugin. -->","yoast_head_json":{"title":"Textos legais - Ribeira Sacra Paisaje del Agua","robots":{"index":"index","follow":"follow","max-snippet":"max-snippet:-1","max-image-preview":"max-image-preview:large","max-video-preview":"max-video-preview:-1"},"canonical":"https:\/\/ribeirasacrapaisaxedaauga.gal\/gl\/textos-legales\/","og_locale":"gl_ES","og_type":"article","og_title":"Textos legais - Ribeira Sacra Paisaje del Agua","og_description":"Informaci\u00f3n xeral As presentes disposici\u00f3ns regulan o uso do servizo do formulario dixital (en diante, o \u201cFormulario&#8221;) que a Xunta de Galicia pon a disposici\u00f3n dos usuarios de internet. A Xunta de Galicia \u00e9 a titular do dominio \u201cribeirasacrapaisaxedaauga.gal\u201d e dos distintos elementos nel inclu\u00eddos. O contido facilitado a trav\u00e9s deste Formulario em\u00edtese con efectos [&hellip;]","og_url":"https:\/\/ribeirasacrapaisaxedaauga.gal\/gl\/textos-legales\/","og_site_name":"Ribeira Sacra Paisaje del Agua","article_modified_time":"2025-10-02T17:56:55+00:00","twitter_card":"summary_large_image","twitter_misc":{"Tempo de lectura":"4 minutos"},"schema":{"@context":"https:\/\/schema.org","@graph":[{"@type":"WebPage","@id":"https:\/\/ribeirasacrapaisaxedaauga.gal\/gl\/textos-legales\/","url":"https:\/\/ribeirasacrapaisaxedaauga.gal\/gl\/textos-legales\/","name":"Textos legais - Ribeira Sacra Paisaje del Agua","isPartOf":{"@id":"https:\/\/ribeirasacrapaisaxedaauga.gal\/gl\/#website"},"datePublished":"2025-09-10T09:53:14+00:00","dateModified":"2025-10-02T17:56:55+00:00","breadcrumb":{"@id":"https:\/\/ribeirasacrapaisaxedaauga.gal\/gl\/textos-legales\/#breadcrumb"},"inLanguage":"gl-ES","potentialAction":[{"@type":"ReadAction","target":["https:\/\/ribeirasacrapaisaxedaauga.gal\/gl\/textos-legales\/"]}]},{"@type":"BreadcrumbList","@id":"https:\/\/ribeirasacrapaisaxedaauga.gal\/gl\/textos-legales\/#breadcrumb","itemListElement":[{"@type":"ListItem","position":1,"name":"Portada","item":"https:\/\/ribeirasacrapaisaxedaauga.gal\/gl\/"},{"@type":"ListItem","position":2,"name":"Textos legais"}]},{"@type":"WebSite","@id":"https:\/\/ribeirasacrapaisaxedaauga.gal\/gl\/#website","url":"https:\/\/ribeirasacrapaisaxedaauga.gal\/gl\/","name":"Ribeira Sacra Paisaje del Agua","description":"Ribeira Sacra es la historia viva de la relaci\u00f3n entre el agua y el ser humano que gracias a su ingenio ha esculpido un paisaje de agua a lo largo de m\u00e1s de 1.500 a\u00f1os de ocupaci\u00f3n continuada","publisher":{"@id":"https:\/\/ribeirasacrapaisaxedaauga.gal\/gl\/#organization"},"potentialAction":[{"@type":"SearchAction","target":{"@type":"EntryPoint","urlTemplate":"https:\/\/ribeirasacrapaisaxedaauga.gal\/gl\/?s={search_term_string}"},"query-input":{"@type":"PropertyValueSpecification","valueRequired":true,"valueName":"search_term_string"}}],"inLanguage":"gl-ES"},{"@type":"Organization","@id":"https:\/\/ribeirasacrapaisaxedaauga.gal\/gl\/#organization","name":"Ribeira Sacra Paisaje del Agua","url":"https:\/\/ribeirasacrapaisaxedaauga.gal\/gl\/","logo":{"@type":"ImageObject","inLanguage":"gl-ES","@id":"https:\/\/ribeirasacrapaisaxedaauga.gal\/gl\/#\/schema\/logo\/image\/","url":"https:\/\/ribeirasacrapaisaxedaauga.gal\/wp-content\/uploads\/2025\/09\/simbolo-1.webp","contentUrl":"https:\/\/ribeirasacrapaisaxedaauga.gal\/wp-content\/uploads\/2025\/09\/simbolo-1.webp","width":1597,"height":1597,"caption":"Ribeira Sacra Paisaje del Agua"},"image":{"@id":"https:\/\/ribeirasacrapaisaxedaauga.gal\/gl\/#\/schema\/logo\/image\/"}}]}},"_links":{"self":[{"href":"https:\/\/ribeirasacrapaisaxedaauga.gal\/gl\/wp-json\/wp\/v2\/pages\/808","targetHints":{"allow":["GET"]}}],"collection":[{"href":"https:\/\/ribeirasacrapaisaxedaauga.gal\/gl\/wp-json\/wp\/v2\/pages"}],"about":[{"href":"https:\/\/ribeirasacrapaisaxedaauga.gal\/gl\/wp-json\/wp\/v2\/types\/page"}],"author":[{"embeddable":true,"href":"https:\/\/ribeirasacrapaisaxedaauga.gal\/gl\/wp-json\/wp\/v2\/users\/1"}],"replies":[{"embeddable":true,"href":"https:\/\/ribeirasacrapaisaxedaauga.gal\/gl\/wp-json\/wp\/v2\/comments?post=808"}],"version-history":[{"count":5,"href":"https:\/\/ribeirasacrapaisaxedaauga.gal\/gl\/wp-json\/wp\/v2\/pages\/808\/revisions"}],"predecessor-version":[{"id":1042,"href":"https:\/\/ribeirasacrapaisaxedaauga.gal\/gl\/wp-json\/wp\/v2\/pages\/808\/revisions\/1042"}],"wp:attachment":[{"href":"https:\/\/ribeirasacrapaisaxedaauga.gal\/gl\/wp-json\/wp\/v2\/media?parent=808"}],"curies":[{"name":"wp","href":"https:\/\/api.w.org\/{rel}","templated":true}]}}